{"id":2,"date":"2025-01-16T16:39:11","date_gmt":"2025-01-16T16:39:11","guid":{"rendered":"https:\/\/cramerfw.kmuu.de\/?page_id=2"},"modified":"2025-03-04T14:24:06","modified_gmt":"2025-03-04T14:24:06","slug":"sample-page","status":"publish","type":"page","link":"https:\/\/cramerfw.kmuu.de\/?page_id=2","title":{"rendered":"Buchung \/ Buchungsbest\u00e4tigung"},"content":{"rendered":"\n<h3 class=\"wp-block-heading has-text-align-center has-text-color has-background has-link-color wp-elements-c3538eed886d53570287f11475931d1b\" style=\"border-style:none;border-width:0px;border-radius:0px;color:#9be098;background-color:#000000;margin-top:0;margin-right:0;margin-bottom:0;margin-left:0\">Allgemeine Vertragsbedingungen zwischen Vermieter und Gast f\u00fcr die Reservierung der&nbsp;<br>Ferienwohnung Auszeit an der J\u00fcmme<\/h3>\n\n\n\n<div class=\"wp-block-group alignwide has-global-padding is-layout-constrained wp-block-group-is-layout-constrained\">\n<div class=\"wp-block-columns alignwide is-layout-flex wp-container-core-columns-is-layout-28f84493 wp-block-columns-is-layout-flex\">\n<div class=\"wp-block-column has-base-color has-text-color has-background has-link-color wp-elements-de535dc162a880534cb872d5ac4372d4 is-layout-flow wp-block-column-is-layout-flow\" style=\"background-color:#9be098;padding-top:var(--wp--preset--spacing--40);padding-right:var(--wp--preset--spacing--40);padding-bottom:var(--wp--preset--spacing--40);padding-left:var(--wp--preset--spacing--40)\">\n<p class=\"has-text-align-left\"><strong>1.&nbsp; &nbsp; <\/strong>&nbsp;<strong>Buchung \/ Buchungsbest\u00e4tigung<\/strong><\/p>\n\n\n\n<p class=\"has-text-align-left\">Buchungsw\u00fcnsche t\u00e4tigen Sie bitte direkt \u00fcber unsere Buchungsanfrage.<\/p>\n\n\n\n<p class=\"has-text-align-left\">Vereinbarungen zwischen Gast und Vermieter (\u00c4nderung, R\u00fccktritt, Umbuchung) bed\u00fcrfen der Schriftform<br>(per E-Mail: info@auszeit-an-der-juemme.de&nbsp; oder per Brief).&nbsp;<br>Diese werden erst g\u00fcltig, wenn sie vom Vermieter schriftlich best\u00e4tigt worden sind.<\/p>\n\n\n\n<p class=\"has-text-align-left\">&nbsp;<strong>2.<\/strong>&nbsp; &nbsp; &nbsp;<strong>Zahlungsbedingungen<\/strong><\/p>\n\n\n\n<p class=\"has-text-align-left\">Nach Erhalt der konkreten Buchungsbest\u00e4tigung ist eine Anzahlung von 20% f\u00e4llig, die Restzahlung ist sp\u00e4testens 7 Tage vor Anreise per \u00dcberweisung vorzunehmen.<\/p>\n\n\n\n<p class=\"has-text-align-left\">Bei kurzfristiger Buchung ist der gesamte Mietpreis sofort f\u00e4llig.&nbsp;<\/p>\n\n\n\n<p class=\"has-text-align-left\">Tritt die Anzahlung nicht bis zum vereinbarten Termin beim Vermieter ein, kann dieser, ohne weitere Ank\u00fcndigung und ohne ersatzpflichtig zu werden, das Objekt anderweitig vermieten.<\/p>\n\n\n\n<p class=\"has-text-align-left\">&nbsp;<strong>3.&nbsp; &nbsp; <\/strong>&nbsp;<strong>An- und Abreise<\/strong>&nbsp;<\/p>\n\n\n\n<p class=\"has-text-align-left\"><strong>Am Anreisetag<\/strong> steht die Wohnung ab 15 Uhr zur Verf\u00fcgung. Es w\u00e4re sehr sch\u00f6n uns einen Tag vor Anreise zu informieren, welche Uhrzeit Sie anreisen. Der Schl\u00fcssel befindet sich im Schl\u00fcsseltresor. Der Code wird Ihnen vor Anreise mitgeteilt.&nbsp; Schadensersatzanspr\u00fcche k\u00f6nnen nicht gelten gemacht werden, wenn die Ferienwohnung ausnahmsweise nicht p\u00fcnktlich um 15 Uhr bezogen werden kann.<\/p>\n\n\n\n<p class=\"has-text-align-left\"><strong>Am Abreisetag<\/strong> sollte die Wohnung bis 10:00 Uhr verlassen sein. Die Ferienwohnung ist besenrein zu \u00fcbergeben. Die Sp\u00fclmaschine ist auszur\u00e4umen, das Geschirr soll abgesp\u00fclt und der evtl. schmutzige Backofen gereinigt werden. Ferner m\u00fcssen die M\u00fclleimer entleert und der K\u00fchlschrank ausger\u00e4umt sein.&nbsp;<\/p>\n\n\n\n<p class=\"has-text-align-left\">Bei R\u00fcckgabe des Mietobjekts ist der Gast verpflichtet, dem Vermieter s\u00e4mtliche Schl\u00fcssel zur\u00fcckzugeben. Dem Gast ist ausdr\u00fccklich untersagt, weitere Schl\u00fcssel anzufertigen oder anfertigen zu lassen.<\/p>\n\n\n\n<p class=\"has-text-align-left\"><strong>4.<\/strong>&nbsp; &nbsp; &nbsp;<strong>Ferienwohnung und Aufenthalt<\/strong><\/p>\n\n\n\n<p class=\"has-text-align-left\">Die Ferienwohnung wird vom Vermieter in einem ordentlichen und sauberen Zustand mit vollst\u00e4ndigem Inventar (siehe Inventarliste) \u00fcbergeben. Der Mieter verpflichtet sich, die Wohnung und das Inventar pfleglich zu behandeln. W\u00e4hrend der Mietzeit am Mietobjekt&nbsp; entstandene Sch\u00e4den sind dem Vermieter umgehend zu melden und durch den Mieter ohne Verschuldensnachweis zu ersetzen.&nbsp;<\/p>\n\n\n\n<p class=\"has-text-align-left\">Der Mieter haftet f\u00fcr die von ihm verursachten Sch\u00e4den am Mietobjekt, dem Inventar und den Einrichtungsgegenst\u00e4nden, z.B. kaputtes Geschirr, Sch\u00e4den am Fu\u00dfboden oder am Mobiliar.<\/p>\n\n\n\n<p class=\"has-text-align-left\">Hierzu z\u00e4hlen auch die Kosten f\u00fcr verlorene Schl\u00fcssel und ggf. den Einbau neuer Schl\u00f6sser.<\/p>\n\n\n\n<p class=\"has-text-align-left\">Der Gast verpflichtet sich, die Hausordnung einzuhalten und R\u00fccksicht gegen\u00fcber den Nachbarn zu nehmen. Der Gast hat daf\u00fcr Sorge zu tragen, dass Mitreisende den Verpflichtungen dieses Vertrages ebenso nachkommen.&nbsp;<\/p>\n\n\n\n<p class=\"has-text-align-left\">Bei vertragswidrigem Gebrauch der Ferienwohnung, wie Untervermietung, \u00dcberbelegung, St\u00f6rung des Hausfriedens etc. , sowie bei Nichtzahlung des vollen Mietpreises kann der Vertrag fristlos gek\u00fcndigt werden. Der bereits gezahlte Mietzins bleibt beim Vermieter<\/p>\n\n\n\n<p class=\"has-text-align-left\">&nbsp;Sollte eine Haftpflichtversicherung bestehen, ist der Schaden der Versicherung zu melden. Dem Vermieter ist der Name und Anschrift, sowie die Versicherungsnummer der Versicherung mitzuteilen.<\/p>\n\n\n\n<p class=\"has-text-align-left\">Der Gast tr\u00e4gt aus hygienischen Gr\u00fcnden daf\u00fcr Sorge, dass Betten nur im bezogenem Zustand benutzt werden. Die Reinigung der Ferienwohnung incl. M\u00fcllentsorgung ist w\u00e4hrend des Aufenthaltes vom Gast selbst vorzunehmen. Eine Belegung des Mietobjekts mit einer \u00fcber die in der Beschreibung des Mietobjekts vereinbarten Personenanzahl hinaus bedarf der ausdr\u00fccklichen schriftlichen Genehmigung des Vermieters.&nbsp;<\/p>\n\n\n\n<div style=\"height:269px\" aria-hidden=\"true\" class=\"wp-block-spacer\"><\/div>\n\n\n\n<div class=\"wp-block-buttons is-layout-flex wp-block-buttons-is-layout-flex\">\n<div class=\"wp-block-button is-style-outline is-style-outline--1\"><a class=\"wp-block-button__link has-background wp-element-button\" href=\"https:\/\/cramerfw.kmuu.de\/?page_id=58\" style=\"background-color:#9be098\">zur\u00fcck<\/a><\/div>\n<\/div>\n<\/div>\n\n\n\n<div class=\"wp-block-column has-base-color has-text-color has-background has-link-color wp-elements-4d27648eb7f42c48b204c33ac855cc5a is-layout-flow wp-block-column-is-layout-flow\" style=\"background-color:#9be098;padding-top:var(--wp--preset--spacing--40);padding-right:var(--wp--preset--spacing--40);padding-bottom:var(--wp--preset--spacing--40);padding-left:var(--wp--preset--spacing--40)\">\n<p>Sollte eine Belegung der Ferienwohnung \u00fcber die in der Beschreibung angegebene Personenanzahl hinaus beabsichtigt sein, ist dies durch den Gast bereits bei der konkreten Buchungsanfrage anzugeben.<\/p>\n\n\n\n<p>Das Mitbringen von Haustieren sowie das Rauchen in der Ferienwohnung <strong>sind nicht<\/strong> gestattet. Auf den Terrassen ist das Rauchen erlaubt.&nbsp;<\/p>\n\n\n\n<p>Der Mindestaufenthalt f\u00fcr das Mietobjekt betr\u00e4gt 2 aufeinanderfolgende N\u00e4chte. Das Mietverh\u00e4ltnis endet mit Ablauf der in der Buchung angegebenen Mietzeit, ohne dass es einer K\u00fcndigung der Parteien bedarf.<\/p>\n\n\n\n<p>Im Mietpreis enthalten ist ein kostenloser PKW- Stellplatz.&nbsp;<\/p>\n\n\n\n<p>In dem Gesamtmietpreis sind auch Verbrauchskosten wie Strom, Wasser, weitere Betriebs-, Heiz- und sonstigen Nebenkosten sowie die Kosten der Endreinigung inbegriffen.&nbsp;<\/p>\n\n\n\n<p><br><strong>5.<\/strong>&nbsp; &nbsp; &nbsp;<strong>Reiser\u00fccktritt<\/strong><\/p>\n\n\n\n<p>Ein notwendiger R\u00fccktritt von der Reise muss schriftlich mitgeteilt werden.<br><br><strong>Bei Stornierung der Ferienwohnung<\/strong><br>&#8211; bis 30 Tage vor Mietbeginn 20 % des Gesamtmietpreises,&nbsp;<\/p>\n\n\n\n<p>&#8211; bis 14 Tage vor Mietbeginn 60 % des Gesamtmietpreises,&nbsp;<\/p>\n\n\n\n<p>&#8211; bis &nbsp; 7&nbsp; Tage vor Mietbeginn&nbsp; 80 % des Gesamtmietpreises&nbsp;<\/p>\n\n\n\n<p>weniger ab einer Woche vor Mietbeginn oder bei Nichtanreise 100 % des Gesamtmietpreises.&nbsp;<\/p>\n\n\n\n<p>Ma\u00dfgebend f\u00fcr die Berechnung der Annullierungsgeb\u00fchr ist das Eintreffen der Mitteilung beim Vermieter oder der Buchungsstelle (bei Samstagen, Sonn-\/Feiertagen gilt der n\u00e4chste Werktag).&nbsp;<\/p>\n\n\n\n<p>Bei vorzeitiger Abreise, auch einzelner Personen, besteht kein Anspruch auf Teilr\u00fcckzahlung.&nbsp;<\/p>\n\n\n\n<p>Der Gast wird ausdr\u00fccklich darauf hingewiesen, dass der <strong>Abschluss einer<\/strong> <strong>Reiser\u00fccktrittsversicherung<\/strong> angeraten wird.&nbsp;<\/p>\n\n\n\n<p>Der R\u00fccktritt vom Mietvertrag muss schriftlich gegen\u00fcber dem Vermieter erfolgen.<\/p>\n\n\n\n<p><strong>6.<\/strong>&nbsp; &nbsp; &nbsp;<strong>R\u00fccktritt durch den Vermieter<\/strong><\/p>\n\n\n\n<p>Im Falle einer Absage von unserer Seite in Folge h\u00f6here Gewalt (Umweltkatastrophen, Naturgewalt, beh\u00f6rdliche Ma\u00dfnahmen usw.) oder andere nicht zu vertretenden Umst\u00e4nde, die die Erf\u00fcllung unm\u00f6glich machen, beschr\u00e4nkt sich die Haftung auf die R\u00fcckerstattung der Kosten.<\/p>\n\n\n\n<p>Bei berechtigtem R\u00fccktritt entsteht kein Anspruch des Mieters auf Schadensersatz, eine Haftung f\u00fcr Anreise- und Hotelkosten wird nicht \u00fcbernommen.&nbsp;<\/p>\n\n\n\n<p><br><strong>7.<\/strong>&nbsp; &nbsp; &nbsp;<strong>Haftung des Vermieters<\/strong><\/p>\n\n\n\n<p>Der Vermieter haftet im Rahmen der Sorgfaltspflicht eines ordentlichen Kaufmanns f\u00fcr die Bereitstellung des Mietobjekts. Eine Haftung f\u00fcr ein evtl. unverschuldeter Ausfall bzw. St\u00f6rungen&nbsp;<\/p>\n\n\n\n<p>der Energie- oder Wasserversorgung f\u00fchrt nicht zu Schadensersatzanspr\u00fcchen.&nbsp;<\/p>\n\n\n\n<p><br><strong>8.<\/strong>&nbsp; &nbsp; &nbsp;<strong>Schriftform<\/strong><\/p>\n\n\n\n<p>Die allgemeinen Vertragsbedingungen werden mit der \u00dcberweisung der Anzahlung akzeptiert. \u00c4nderungen und Erg\u00e4nzungen dieses Vertrages bed\u00fcrfen der Schriftform. Dies gilt auch f\u00fcr die \u00c4nderung der Schriftformklausel.<\/p>\n\n\n\n<p><br><strong>9.<\/strong>&nbsp; &nbsp; &nbsp;<strong>Rechtliche Bedingungen und Bestimmungen<\/strong><\/p>\n\n\n\n<p>Die Parteien dieses Mietvertrages vereinbaren die ausschlie\u00dfliche Anwendung deutschen Rechts f\u00fcr alle sich aus Mietvertrag ergebenden rechtlichen Beziehungen. F\u00fcr den Fall, dass der Gast keinen allgemeinen Gerichtsstand in Deutschland haben sollte, wird von den Parteien die ausschlie\u00dfliche Zust\u00e4ndigkeit deutscher Gerichte vereinbart.<\/p>\n\n\n\n<p>Sollten einzelne oder mehrere Bestimmungen dieses Vertrages ganz oder teilweise rechtsunwirksam sein, soll die G\u00fcltigkeit der \u00fcbrigen Vertrags-bestimmungen bestehen bleiben. An die Stelle unwirksamer Bestimmungen sollen, soweit vorhanden, die gesetzlichen Vorschriften treten.<\/p>\n\n\n\n<div class=\"wp-block-buttons is-content-justification-right is-layout-flex wp-container-core-buttons-is-layout-d445cf74 wp-block-buttons-is-layout-flex\">\n<div class=\"wp-block-button is-style-outline is-style-outline--2\"><a class=\"wp-block-button__link has-background wp-element-button\" href=\"https:\/\/cramerfw.kmuu.de\/?page_id=85\" style=\"background-color:#9be098\">vorw\u00e4rts<\/a><\/div>\n<\/div>\n<\/div>\n<\/div>\n<\/div>\n","protected":false},"excerpt":{"rendered":"<p>Allgemeine Vertragsbedingungen zwischen Vermieter und Gast f\u00fcr die Reservierung der&nbsp;Ferienwohnung Auszeit an der J\u00fcmme 1.&nbsp; &nbsp; &nbsp;Buchung \/ Buchungsbest\u00e4tigung Buchungsw\u00fcnsche t\u00e4tigen Sie bitte direkt \u00fcber unsere Buchungsanfrage. Vereinbarungen zwischen Gast und Vermieter (\u00c4nderung, R\u00fccktritt, Umbuchung) bed\u00fcrfen der Schriftform(per E-Mail: info@auszeit-an-der-juemme.de&nbsp; oder per Brief).&nbsp;Diese werden erst g\u00fcltig, wenn sie vom Vermieter schriftlich best\u00e4tigt worden sind. &nbsp;2.&nbsp; [&hellip;]<\/p>\n","protected":false},"author":1,"featured_media":0,"parent":0,"menu_order":0,"comment_status":"closed","ping_status":"closed","template":"","meta":{"footnotes":""},"class_list":["post-2","page","type-page","status-publish","hentry"],"_links":{"self":[{"href":"https:\/\/cramerfw.kmuu.de\/index.php?rest_route=\/wp\/v2\/pages\/2","targetHints":{"allow":["GET"]}}],"collection":[{"href":"https:\/\/cramerfw.kmuu.de\/index.php?rest_route=\/wp\/v2\/pages"}],"about":[{"href":"https:\/\/cramerfw.kmuu.de\/index.php?rest_route=\/wp\/v2\/types\/page"}],"author":[{"embeddable":true,"href":"https:\/\/cramerfw.kmuu.de\/index.php?rest_route=\/wp\/v2\/users\/1"}],"replies":[{"embeddable":true,"href":"https:\/\/cramerfw.kmuu.de\/index.php?rest_route=%2Fwp%2Fv2%2Fcomments&post=2"}],"version-history":[{"count":17,"href":"https:\/\/cramerfw.kmuu.de\/index.php?rest_route=\/wp\/v2\/pages\/2\/revisions"}],"predecessor-version":[{"id":393,"href":"https:\/\/cramerfw.kmuu.de\/index.php?rest_route=\/wp\/v2\/pages\/2\/revisions\/393"}],"wp:attachment":[{"href":"https:\/\/cramerfw.kmuu.de\/index.php?rest_route=%2Fwp%2Fv2%2Fmedia&parent=2"}],"curies":[{"name":"wp","href":"https:\/\/api.w.org\/{rel}","templated":true}]}}