{"id":40,"date":"2025-01-29T15:36:42","date_gmt":"2025-01-29T15:36:42","guid":{"rendered":"https:\/\/cramerfw.kmuu.de\/?page_id=40"},"modified":"2025-03-04T13:49:54","modified_gmt":"2025-03-04T13:49:54","slug":"ferienwohnung-auszeit-an-der-jumme-2","status":"publish","type":"page","link":"https:\/\/cramerfw.kmuu.de\/?page_id=40","title":{"rendered":"\u00dcber uns: Auszeit an der J\u00fcmme"},"content":{"rendered":"\n<div class=\"wp-block-group is-content-justification-center is-nowrap is-layout-flex wp-container-core-group-is-layout-23441af8 wp-block-group-is-layout-flex\">\n<div class=\"wp-block-columns is-layout-flex wp-container-core-columns-is-layout-28f84493 wp-block-columns-is-layout-flex\">\n<div class=\"wp-block-column is-layout-flow wp-block-column-is-layout-flow\">\n<div class=\"wp-block-group has-background has-global-padding is-content-justification-left is-layout-constrained wp-container-core-group-is-layout-12dd3699 wp-block-group-is-layout-constrained\" style=\"background-color:#000000\">\n<h3 class=\"wp-block-heading has-text-align-left has-text-color has-link-color has-passion-one-font-family wp-elements-a9c798688a307f676cd1355a6fdf5a33\" style=\"color:#9be098;font-size:clamp(15.747px, 0.984rem + ((1vw - 3.2px) * 0.809), 24px);font-style:normal;font-weight:700\">\u00dcber uns: <strong>Auszeit an der J\u00fcmme<\/strong><\/h3>\n\n\n\n<p class=\"has-text-align-left\"><br>Unsere Ferienwohnung Auszeit an der J\u00fcmme wurde 2020 neu eingerichtet. Sie befindet sich in einem alleinstehenden Nebengeb\u00e4ude auf unserem Grundst\u00fcck. Die Ferienwohnung wurde liebevoll und modern ausgestattet. Hier k\u00f6nnen Sie und Ihre Familie eine Auszeit nehmen und die Natur genie\u00dfen.&nbsp; Eine gro\u00dfe und kleine Terrasse laden zum verweilen ein.&nbsp;<br><br>Die J\u00fcmme und das Aper Tief befinden sich&nbsp; ca. 200 mtr. von unserer Ferienwohnung &#8222;Auszeit an der J\u00fcmme&#8220; entfernt, super f\u00fcr Angler und Spazierg\u00e4nger, die einfach die Natur genie\u00dfen m\u00f6chten und auf dem Deich einen kleinen Rundgang entlang der J\u00fcmme oder des Aper Tiefs gehen m\u00f6chten.<\/p>\n\n\n\n<p class=\"has-text-align-left\">Die J\u00fcmme ist ein Nebenfluss der Leda. Sie geht aus dem Bar\u00dfeler Tief hervor. Das Bar\u00dfeler Tief entsteht ca. 5 km flussaufw\u00e4rts aus der Soeste.&nbsp; Das Aper Tief m\u00fcndet bei Detern, also in unmittelbarer N\u00e4he unserer Ferienwohnung, in die J\u00fcmme.&nbsp; &nbsp; &nbsp;<\/p>\n\n\n\n<p class=\"has-text-align-left\"><br>Weiterhin haben Sie bei sch\u00f6nem Wetter die M\u00f6glichkeit, im&nbsp; nahe gelegenen J\u00fcmmesee &#8211; Natursee (auch Stickisee genannt), zu baden und sich am Strand zu sonnen. (Entfernung ca. 2 km).<br><br>F\u00fcr Radfahrer ist die Umgebung von Detern weiterhin ein Paradies. Viele Fahrradrouten ( Deutsche Fehnroute, Ammerlandroute, Natur- und Erlebnisroute, Route zur P\u00fcnte-F\u00e4hre usw.) f\u00fchren an Detern vorbei bzw. starten hier.&nbsp; Weiterhin k\u00f6nnen Sie nach dem bekannten Knotenpunktsystem ihre Radtouren von unserer Ferienwohnung &#8222;Auszeit an der J\u00fcmme&#8220; starten. &nbsp;<br><br>Wir w\u00fcnschen Ihnen einen sch\u00f6nen und erholsamen Urlaub<br>Matthias u. Heike Cramer<br>Ferienwohnung<br>Auszeit an der J\u00fcmme<\/p>\n<\/div>\n<\/div>\n\n\n\n<div class=\"wp-block-column has-background is-layout-flow wp-block-column-is-layout-flow\" style=\"background-color:#000000\">\n<figure class=\"wp-block-image size-large is-resized\"><img loading=\"lazy\" decoding=\"async\" width=\"768\" height=\"1024\" src=\"https:\/\/cramerfw.kmuu.de\/wp-content\/uploads\/2025\/01\/galeria22-768x1024.webp\" alt=\"\" class=\"wp-image-113\" style=\"width:561px;height:auto\" srcset=\"https:\/\/cramerfw.kmuu.de\/wp-content\/uploads\/2025\/01\/galeria22-768x1024.webp 768w, https:\/\/cramerfw.kmuu.de\/wp-content\/uploads\/2025\/01\/galeria22-225x300.webp 225w, https:\/\/cramerfw.kmuu.de\/wp-content\/uploads\/2025\/01\/galeria22-1152x1536.webp 1152w, https:\/\/cramerfw.kmuu.de\/wp-content\/uploads\/2025\/01\/galeria22.webp 1500w\" sizes=\"auto, (max-width: 768px) 100vw, 768px\" \/><\/figure>\n<\/div>\n<\/div>\n<\/div>\n\n\n\n<div style=\"height:81px\" aria-hidden=\"true\" class=\"wp-block-spacer\"><\/div>\n\n\n\n<div class=\"wp-block-group is-style-default is-content-justification-space-between is-nowrap is-layout-flex wp-container-core-group-is-layout-650b8997 wp-block-group-is-layout-flex\" style=\"padding-top:var(--wp--preset--spacing--60);padding-right:var(--wp--preset--spacing--80);padding-bottom:var(--wp--preset--spacing--60);padding-left:var(--wp--preset--spacing--80)\">\n<div class=\"wp-block-columns is-layout-flex wp-container-core-columns-is-layout-28f84493 wp-block-columns-is-layout-flex\">\n<div class=\"wp-block-column is-style-default has-background is-layout-flow wp-block-column-is-layout-flow\" style=\"background-color:#000000\">\n<h3 class=\"wp-block-heading has-text-color has-link-color has-passion-one-font-family wp-elements-5598e4e7986e418ab663c38a0007220d\" style=\"color:#9be098;font-size:clamp(15.747px, 0.984rem + ((1vw - 3.2px) * 0.809), 24px);\">Erdgeschoss Ferienwohnung Auszeit an der J\u00fcmme<\/h3>\n\n\n\n<ul class=\"wp-block-list\">\n<li>Sch\u00f6nes gro\u00dfz\u00fcgiges Wohnzimmer mit einer gro\u00dfen Couch, TV-Sat-Anlage, Wlan und Zugang zur&nbsp; gro\u00dfen Terrasse inkl. Gartenm\u00f6bel und Schaukel und Rasenfl\u00e4che.<\/li>\n\n\n\n<li>Bad mit ebenerdiger Dusche und Handtuchheizk\u00f6rper<\/li>\n\n\n\n<li>K\u00fcchenzeile kpl. eingerichtet mit Geschirrsp\u00fcler, K\u00fchlschrank mit Gefrierfach, Mikrowelle, Backofen, Ceranfeld, Kaffeemaschine, Toaster, Wasserkocher etc.<\/li>\n\n\n\n<li>Essecke mit Zugang zur 2. Terrasse inkl. Gartenm\u00f6bel<\/li>\n\n\n\n<li>Abstellraum mit Staubsauger, W\u00e4schespinne, etc.<\/li>\n<\/ul>\n\n\n\n<div class=\"wp-block-buttons is-vertical is-content-justification-left is-layout-flex wp-container-core-buttons-is-layout-810fbbe0 wp-block-buttons-is-layout-flex\">\n<div class=\"wp-block-button\"><a class=\"wp-block-button__link has-background wp-element-button\" href=\"https:\/\/cramerfw.kmuu.de\/\" style=\"background-color:#9be098\">zur\u00fcck<\/a><\/div>\n<\/div>\n<\/div>\n\n\n\n<div class=\"wp-block-column is-layout-flow wp-block-column-is-layout-flow\">\n<figure class=\"wp-block-image alignleft size-full\"><img loading=\"lazy\" decoding=\"async\" width=\"768\" height=\"576\" src=\"https:\/\/cramerfw.kmuu.de\/wp-content\/uploads\/2025\/01\/muebles.webp\" alt=\"\" class=\"wp-image-32\" srcset=\"https:\/\/cramerfw.kmuu.de\/wp-content\/uploads\/2025\/01\/muebles.webp 768w, https:\/\/cramerfw.kmuu.de\/wp-content\/uploads\/2025\/01\/muebles-300x225.webp 300w\" sizes=\"auto, (max-width: 768px) 100vw, 768px\" \/><\/figure>\n<\/div>\n<\/div>\n<\/div>\n\n\n\n<div style=\"height:89px\" aria-hidden=\"true\" class=\"wp-block-spacer\"><\/div>\n\n\n\n<div class=\"wp-block-group is-content-justification-center is-nowrap is-layout-flex wp-container-core-group-is-layout-23441af8 wp-block-group-is-layout-flex\">\n<div class=\"wp-block-columns is-layout-flex wp-container-core-columns-is-layout-28f84493 wp-block-columns-is-layout-flex\">\n<div class=\"wp-block-column is-layout-flow wp-block-column-is-layout-flow\">\n<figure class=\"wp-block-image aligncenter size-large is-resized\"><img loading=\"lazy\" decoding=\"async\" width=\"768\" height=\"1024\" src=\"https:\/\/cramerfw.kmuu.de\/wp-content\/uploads\/2025\/01\/galeria10-768x1024.webp\" alt=\"\" class=\"wp-image-101\" style=\"width:412px;height:auto\" srcset=\"https:\/\/cramerfw.kmuu.de\/wp-content\/uploads\/2025\/01\/galeria10-768x1024.webp 768w, https:\/\/cramerfw.kmuu.de\/wp-content\/uploads\/2025\/01\/galeria10-225x300.webp 225w, https:\/\/cramerfw.kmuu.de\/wp-content\/uploads\/2025\/01\/galeria10-1152x1536.webp 1152w, https:\/\/cramerfw.kmuu.de\/wp-content\/uploads\/2025\/01\/galeria10.webp 1500w\" sizes=\"auto, (max-width: 768px) 100vw, 768px\" \/><\/figure>\n<\/div>\n\n\n\n<div class=\"wp-block-column has-background is-layout-flow wp-block-column-is-layout-flow\" style=\"background-color:#000000\">\n<h3 class=\"wp-block-heading has-text-color has-link-color has-passion-one-font-family wp-elements-d9c4c4cf966386c419a6ffe6464ab317\" style=\"color:#9be098;font-size:clamp(15.747px, 0.984rem + ((1vw - 3.2px) * 0.809), 24px);\">Obergeschoss Ferienwohnung Auszeit an der J\u00fcmme<\/h3>\n\n\n\n<ul class=\"wp-block-list\">\n<li>1 Schlafzimmer mit Doppel-Boxspringbett und Schrank<\/li>\n\n\n\n<li>1 Schlafzimmer mit 2 Einzelbetten und Komode<\/li>\n<\/ul>\n\n\n\n<p><br>Bettw\u00e4sche und Handt\u00fccher sind vorhanden.<\/p>\n\n\n\n<div class=\"wp-block-buttons is-content-justification-right is-layout-flex wp-container-core-buttons-is-layout-d445cf74 wp-block-buttons-is-layout-flex\">\n<div class=\"wp-block-button\"><a class=\"wp-block-button__link has-background wp-element-button\" href=\"https:\/\/cramerfw.kmuu.de\/?page_id=58\" style=\"background-color:#9be098\">vorw\u00e4rts<\/a><\/div>\n<\/div>\n<\/div>\n<\/div>\n<\/div>\n","protected":false},"excerpt":{"rendered":"<p>\u00dcber uns: Auszeit an der J\u00fcmme Unsere Ferienwohnung Auszeit an der J\u00fcmme wurde 2020 neu eingerichtet. Sie befindet sich in einem alleinstehenden Nebengeb\u00e4ude auf unserem Grundst\u00fcck. Die Ferienwohnung wurde liebevoll und modern ausgestattet. Hier k\u00f6nnen Sie und Ihre Familie eine Auszeit nehmen und die Natur genie\u00dfen.&nbsp; Eine gro\u00dfe und kleine Terrasse laden zum verweilen ein.&nbsp; [&hellip;]<\/p>\n","protected":false},"author":1,"featured_media":0,"parent":0,"menu_order":0,"comment_status":"closed","ping_status":"closed","template":"","meta":{"footnotes":""},"class_list":["post-40","page","type-page","status-publish","hentry"],"_links":{"self":[{"href":"https:\/\/cramerfw.kmuu.de\/index.php?rest_route=\/wp\/v2\/pages\/40","targetHints":{"allow":["GET"]}}],"collection":[{"href":"https:\/\/cramerfw.kmuu.de\/index.php?rest_route=\/wp\/v2\/pages"}],"about":[{"href":"https:\/\/cramerfw.kmuu.de\/index.php?rest_route=\/wp\/v2\/types\/page"}],"author":[{"embeddable":true,"href":"https:\/\/cramerfw.kmuu.de\/index.php?rest_route=\/wp\/v2\/users\/1"}],"replies":[{"embeddable":true,"href":"https:\/\/cramerfw.kmuu.de\/index.php?rest_route=%2Fwp%2Fv2%2Fcomments&post=40"}],"version-history":[{"count":32,"href":"https:\/\/cramerfw.kmuu.de\/index.php?rest_route=\/wp\/v2\/pages\/40\/revisions"}],"predecessor-version":[{"id":390,"href":"https:\/\/cramerfw.kmuu.de\/index.php?rest_route=\/wp\/v2\/pages\/40\/revisions\/390"}],"wp:attachment":[{"href":"https:\/\/cramerfw.kmuu.de\/index.php?rest_route=%2Fwp%2Fv2%2Fmedia&parent=40"}],"curies":[{"name":"wp","href":"https:\/\/api.w.org\/{rel}","templated":true}]}}