{"id":58,"date":"2025-01-28T11:49:34","date_gmt":"2025-01-28T11:49:34","guid":{"rendered":"https:\/\/cramerfw.kmuu.de\/?page_id=58"},"modified":"2025-03-04T14:22:45","modified_gmt":"2025-03-04T14:22:45","slug":"impressum","status":"publish","type":"page","link":"https:\/\/cramerfw.kmuu.de\/?page_id=58","title":{"rendered":"Preise und Informationen f\u00fcr die Ferienwohnung Auszeit an der J\u00fcmme"},"content":{"rendered":"\n<h3 class=\"wp-block-heading has-text-align-center is-style-text-subtitle has-text-color has-link-color has-passion-one-font-family wp-elements-771f806b0f351ff104a5070e83a602e3 is-style-text-subtitle--1\" style=\"color:#88c485;font-size:clamp(22.041px, 1.378rem + ((1vw - 3.2px) * 1.369), 36px);\">Preise und Informationen f\u00fcr die Ferienwohnung Auszeit an der J\u00fcmme<\/h3>\n\n\n\n<div class=\"wp-block-group is-content-justification-center is-nowrap is-layout-flex wp-container-core-group-is-layout-23441af8 wp-block-group-is-layout-flex\">\n<div class=\"wp-block-columns is-layout-flex wp-container-core-columns-is-layout-28f84493 wp-block-columns-is-layout-flex\">\n<div class=\"wp-block-column has-base-color has-text-color has-background has-link-color wp-elements-f8cea63c8aa58ced5952b13faf262ace is-layout-flow wp-block-column-is-layout-flow\" style=\"background-color:#9be098;padding-top:var(--wp--preset--spacing--40);padding-right:var(--wp--preset--spacing--40);padding-bottom:var(--wp--preset--spacing--40);padding-left:var(--wp--preset--spacing--40)\">\n<div class=\"wp-block-group has-global-padding is-layout-constrained wp-block-group-is-layout-constrained\">\n<h3 class=\"wp-block-heading\"><strong>Preise ab 01.01.2023&nbsp;<\/strong><\/h3>\n\n\n\n<h3 class=\"wp-block-heading\">2-4 N\u00e4chte<\/h3>\n\n\n\n<ul class=\"wp-block-list\">\n<li>75,00 \u20ac pro Nacht f\u00fcr 2 Personen<\/li>\n<\/ul>\n\n\n\n<h3 class=\"wp-block-heading\">Ab 5 N\u00e4chte<\/h3>\n\n\n\n<ul class=\"wp-block-list\">\n<li>65,00 \u20ac pro Nacht f\u00fcr 2 Personen<\/li>\n<\/ul>\n\n\n\n<p><strong><br>Preis pro Woche 455 \u20ac \/ f\u00fcr 2 Personen<\/strong>&nbsp;<\/p>\n<\/div>\n\n\n\n<div style=\"height:247px\" aria-hidden=\"true\" class=\"wp-block-spacer\"><\/div>\n\n\n\n<div class=\"wp-block-buttons is-content-justification-space-between is-layout-flex wp-container-core-buttons-is-layout-b2891da8 wp-block-buttons-is-layout-flex\">\n<div class=\"wp-block-button is-style-outline is-style-outline--2\"><a class=\"wp-block-button__link has-background wp-element-button\" href=\"https:\/\/cramerfw.kmuu.de\/?page_id=40\" style=\"background-color:#9be098\">zur\u00fcck<\/a><\/div>\n<\/div>\n<\/div>\n\n\n\n<div class=\"wp-block-column has-base-color has-text-color has-background has-link-color wp-elements-25f3397a767dcf564c369482f5ae7ae4 is-layout-flow wp-block-column-is-layout-flow\" style=\"background-color:#9be098;padding-top:var(--wp--preset--spacing--40);padding-right:var(--wp--preset--spacing--40);padding-bottom:var(--wp--preset--spacing--40);padding-left:var(--wp--preset--spacing--40)\">\n<div class=\"wp-block-group has-global-padding is-layout-constrained wp-block-group-is-layout-constrained\">\n<h3 class=\"wp-block-heading\"><strong>Sonstige Informationen<\/strong> 2023<\/h3>\n\n\n\n<ul class=\"wp-block-list\">\n<li>1 x Bettw\u00e4sche- und Handtuchpaket pro Person inklusive auf Anfrage ein zus\u00e4tzliches W\u00e4sche-  paket pro Person 10 \u20ac<\/li>\n\n\n\n<li>Endreinigung inklusive&nbsp;<\/li>\n\n\n\n<li>Nichtraucherwohnung, Aschenbecher befinden sich auf den Terrassen.<\/li>\n\n\n\n<li>Haustiere sind nicht gestattet.&nbsp;<\/li>\n<\/ul>\n\n\n\n<ul class=\"wp-block-list\">\n<li>In der Hauptsaison von<br><strong>Juni bis Oktober <\/strong>&nbsp;vermieten wir<br><strong>nur von Samstag bis Samstag<\/strong><\/li>\n<\/ul>\n\n\n\n<ul class=\"wp-block-list\">\n<li>Anreise ab 15:00 Uhr&nbsp;<\/li>\n\n\n\n<li>Abreise bis 10:00&nbsp; Uhr<\/li>\n<\/ul>\n\n\n\n<p><br>Weitere Informationen entnehmen Sie bitte unseren AVB auf der n\u00e4chsten Seite.<\/p>\n<\/div>\n\n\n\n<div class=\"wp-block-buttons is-vertical is-content-justification-right is-layout-flex wp-container-core-buttons-is-layout-cb5627d5 wp-block-buttons-is-layout-flex\">\n<div class=\"wp-block-button is-style-outline is-style-outline--3\"><a class=\"wp-block-button__link has-background wp-element-button\" href=\"https:\/\/cramerfw.kmuu.de\/?page_id=2\" style=\"background-color:#9be098\">vorw\u00e4rts<\/a><\/div>\n<\/div>\n<\/div>\n<\/div>\n<\/div>\n","protected":false},"excerpt":{"rendered":"<p>Preise und Informationen f\u00fcr die Ferienwohnung Auszeit an der J\u00fcmme Preise ab 01.01.2023&nbsp; 2-4 N\u00e4chte Ab 5 N\u00e4chte Preis pro Woche 455 \u20ac \/ f\u00fcr 2 Personen&nbsp; Sonstige Informationen 2023 Weitere Informationen entnehmen Sie bitte unseren AVB auf der n\u00e4chsten Seite.<\/p>\n","protected":false},"author":1,"featured_media":0,"parent":0,"menu_order":0,"comment_status":"closed","ping_status":"closed","template":"","meta":{"footnotes":""},"class_list":["post-58","page","type-page","status-publish","hentry"],"_links":{"self":[{"href":"https:\/\/cramerfw.kmuu.de\/index.php?rest_route=\/wp\/v2\/pages\/58","targetHints":{"allow":["GET"]}}],"collection":[{"href":"https:\/\/cramerfw.kmuu.de\/index.php?rest_route=\/wp\/v2\/pages"}],"about":[{"href":"https:\/\/cramerfw.kmuu.de\/index.php?rest_route=\/wp\/v2\/types\/page"}],"author":[{"embeddable":true,"href":"https:\/\/cramerfw.kmuu.de\/index.php?rest_route=\/wp\/v2\/users\/1"}],"replies":[{"embeddable":true,"href":"https:\/\/cramerfw.kmuu.de\/index.php?rest_route=%2Fwp%2Fv2%2Fcomments&post=58"}],"version-history":[{"count":17,"href":"https:\/\/cramerfw.kmuu.de\/index.php?rest_route=\/wp\/v2\/pages\/58\/revisions"}],"predecessor-version":[{"id":392,"href":"https:\/\/cramerfw.kmuu.de\/index.php?rest_route=\/wp\/v2\/pages\/58\/revisions\/392"}],"wp:attachment":[{"href":"https:\/\/cramerfw.kmuu.de\/index.php?rest_route=%2Fwp%2Fv2%2Fmedia&parent=58"}],"curies":[{"name":"wp","href":"https:\/\/api.w.org\/{rel}","templated":true}]}}