{"id":85,"date":"2025-01-30T07:29:18","date_gmt":"2025-01-30T07:29:18","guid":{"rendered":"https:\/\/cramerfw.kmuu.de\/?page_id=85"},"modified":"2025-03-04T14:25:04","modified_gmt":"2025-03-04T14:25:04","slug":"__trashed-2","status":"publish","type":"page","link":"https:\/\/cramerfw.kmuu.de\/?page_id=85","title":{"rendered":""},"content":{"rendered":"\n<div class=\"wp-block-columns is-layout-flex wp-container-core-columns-is-layout-20bb992b wp-block-columns-is-layout-flex\" style=\"margin-top:0;margin-bottom:0;padding-top:0;padding-right:0;padding-bottom:0;padding-left:0\">\n<div class=\"wp-block-column is-layout-flow wp-block-column-is-layout-flow\">\n<div class=\"wp-block-media-text is-stacked-on-mobile has-background\" style=\"background-color:#000000;grid-template-columns:49% auto\"><figure class=\"wp-block-media-text__media\"><img loading=\"lazy\" decoding=\"async\" width=\"950\" height=\"709\" src=\"https:\/\/cramerfw.kmuu.de\/wp-content\/uploads\/2025\/02\/Screenshot-2025-02-11-at-11-23-44-Buchungsanfrage-Auszeit-an-der-Jumme-1.png\" alt=\"\" class=\"wp-image-281 size-full\" srcset=\"https:\/\/cramerfw.kmuu.de\/wp-content\/uploads\/2025\/02\/Screenshot-2025-02-11-at-11-23-44-Buchungsanfrage-Auszeit-an-der-Jumme-1.png 950w, https:\/\/cramerfw.kmuu.de\/wp-content\/uploads\/2025\/02\/Screenshot-2025-02-11-at-11-23-44-Buchungsanfrage-Auszeit-an-der-Jumme-1-300x224.png 300w, https:\/\/cramerfw.kmuu.de\/wp-content\/uploads\/2025\/02\/Screenshot-2025-02-11-at-11-23-44-Buchungsanfrage-Auszeit-an-der-Jumme-1-768x573.png 768w\" sizes=\"auto, (max-width: 950px) 100vw, 950px\" \/><\/figure><div class=\"wp-block-media-text__content\">\n<p class=\"is-style-text-subtitle has-text-color has-link-color has-passion-one-font-family wp-elements-b865f2848719c1fa345fc7ab57a06ff5 is-style-text-subtitle--1\" style=\"color:#9be098;font-size:clamp(22.041px, 1.378rem + ((1vw - 3.2px) * 1.369), 36px);\">Online anfragen \/ buchen<\/p>\n\n\n\n<p class=\"has-source-sans-3-font-family\" style=\"font-size:clamp(14px, 0.875rem + ((1vw - 3.2px) * 0.392), 18px);\"><em>Das Leben ist schon anstrengend genug. Deshalb k\u00f6nnen Sie Termine direkt auf meiner Website anfragen &#8211; ganz ohne einschr\u00e4nkende B\u00fcro- oder \u00d6ffnungszeiten! W\u00e4hlen Sie einfach eine Zeit aus, die Ihnen passt!<\/em><\/p>\n\n\n\n<div style=\"height:85px\" aria-hidden=\"true\" class=\"wp-block-spacer\"><\/div>\n\n\n\n<div class=\"wp-block-buttons is-content-justification-right is-layout-flex wp-container-core-buttons-is-layout-e035ea83 wp-block-buttons-is-layout-flex\">\n<div class=\"wp-block-button has-custom-font-size has-source-sans-3-font-family\" style=\"font-size:clamp(14px, 0.875rem + ((1vw - 3.2px) * 0.196), 16px);\"><a class=\"wp-block-button__link has-background wp-element-button\" href=\"https:\/\/app.calendarapp.de\/de\/?smlp=e7f8a7fb0b77bcb3b283af5be021448f\" style=\"background-color:#9be098\" target=\"_blank\" rel=\"noreferrer noopener\">verf\u00fcgbarkeit pr\u00fcfen \/ Buchen<\/a><\/div>\n\n\n\n<div class=\"wp-block-button has-custom-font-size is-style-outline has-source-sans-3-font-family is-style-outline--2\" style=\"font-size:clamp(14px, 0.875rem + ((1vw - 3.2px) * 0.196), 16px);\"><a class=\"wp-block-button__link has-background has-border-color wp-element-button\" href=\"https:\/\/cramerfw.kmuu.de\/?page_id=145\" style=\"border-color:#1e5e1b;border-width:2px;background-color:#000000\">vorw\u00e4rts<\/a><\/div>\n<\/div>\n<\/div><\/div>\n<\/div>\n<\/div>\n","protected":false},"excerpt":{"rendered":"<p>Online anfragen \/ buchen Das Leben ist schon anstrengend genug. Deshalb k\u00f6nnen Sie Termine direkt auf meiner Website anfragen &#8211; ganz ohne einschr\u00e4nkende B\u00fcro- oder \u00d6ffnungszeiten! W\u00e4hlen Sie einfach eine Zeit aus, die Ihnen passt!<\/p>\n","protected":false},"author":1,"featured_media":0,"parent":0,"menu_order":0,"comment_status":"closed","ping_status":"closed","template":"","meta":{"footnotes":""},"class_list":["post-85","page","type-page","status-publish","hentry"],"_links":{"self":[{"href":"https:\/\/cramerfw.kmuu.de\/index.php?rest_route=\/wp\/v2\/pages\/85","targetHints":{"allow":["GET"]}}],"collection":[{"href":"https:\/\/cramerfw.kmuu.de\/index.php?rest_route=\/wp\/v2\/pages"}],"about":[{"href":"https:\/\/cramerfw.kmuu.de\/index.php?rest_route=\/wp\/v2\/types\/page"}],"author":[{"embeddable":true,"href":"https:\/\/cramerfw.kmuu.de\/index.php?rest_route=\/wp\/v2\/users\/1"}],"replies":[{"embeddable":true,"href":"https:\/\/cramerfw.kmuu.de\/index.php?rest_route=%2Fwp%2Fv2%2Fcomments&post=85"}],"version-history":[{"count":13,"href":"https:\/\/cramerfw.kmuu.de\/index.php?rest_route=\/wp\/v2\/pages\/85\/revisions"}],"predecessor-version":[{"id":395,"href":"https:\/\/cramerfw.kmuu.de\/index.php?rest_route=\/wp\/v2\/pages\/85\/revisions\/395"}],"wp:attachment":[{"href":"https:\/\/cramerfw.kmuu.de\/index.php?rest_route=%2Fwp%2Fv2%2Fmedia&parent=85"}],"curies":[{"name":"wp","href":"https:\/\/api.w.org\/{rel}","templated":true}]}}